{"id":356,"date":"2021-09-13T16:06:02","date_gmt":"2021-09-13T19:06:02","guid":{"rendered":"http:\/\/isoporamigo.com.br\/?page_id=356"},"modified":"2021-10-22T15:22:36","modified_gmt":"2021-10-22T18:22:36","slug":"politica-de-privacidade-2","status":"publish","type":"page","link":"https:\/\/isoporamigo.com.br\/index.php\/politica-de-privacidade-2\/","title":{"rendered":"Pol\u00edtica de Privacidade"},"content":{"rendered":"<!--themify_builder_content-->\n<div id=\"themify_builder_content-356\" data-postid=\"356\" class=\"themify_builder_content themify_builder_content-356 themify_builder tf_clear\">\n    \t<!-- module_row -->\n\t<div  data-lazy=\"1\" class=\"module_row themify_builder_row tb_2cad752 tb_first tf_clearfix\">\n\t    \t\t<div class=\"row_inner col_align_top tf_box tf_w tf_rel\">\n\t\t\t<div  data-lazy=\"1\" class=\"module_column tb-column col-full first tb_p1tu753 tf_box\">\n\t    \t    \t        <div class=\"tb-column-inner tf_box tf_w\">\n\t\t    <!-- module text -->\n<div  class=\"module module-text tb_pa84279   \" data-lazy=\"1\">\n            <div  class=\"tb_text_wrap\">\n    <h3><strong>Manifesto de Privacidade de Dados<\/strong><\/h3><p>Aqui na \u201cABIPLAST\u201d estamos preocupados com sua\u00a0<strong>privacidade de dados<\/strong>, adotamos um modelo de\u00a0<strong>governan\u00e7a da privacidade<\/strong>\u00a0de dados em busca de melhoria continuada em nosso n\u00edvel de maturidade.<br \/>Neste compromisso de privacidade de dados queremos compartilhar com voc\u00ea algumas defini\u00e7\u00f5es previstas na LGPD (Lei Geral de Prote\u00e7\u00e3o de Dados).<\/p><ul><li><strong>Dados Pessoais<\/strong>\u00a0\u2013 \u00e9 toda e qualquer informa\u00e7\u00e3o relacionada a pessoa natural identificada ou identific\u00e1vel.<\/li><li><strong>Dados Pessoais sens\u00edveis<\/strong>\u00a0\u2013 \u00e9 todo dado pessoal que pode gerar qualquer tipo de discrimina\u00e7\u00e3o, tais como os dados sobre origem racial ou \u00e9tnica, convic\u00e7\u00e3o religiosa, opini\u00e3o pol\u00edtica, filia\u00e7\u00e3o a sindicato ou a organiza\u00e7\u00e3o de car\u00e1ter religioso, filos\u00f3fico ou pol\u00edtico, dado referente \u00e0 sa\u00fade ou \u00e0 vida sexual, dado gen\u00e9tico ou biom\u00e9trico.<\/li><li><strong>Titular<\/strong>\u00a0\u2013 pessoa natural a quem se referem os dados pessoais.<\/li><li><strong>Tratamento:<\/strong>\u00a0toda opera\u00e7\u00e3o realizada com dados pessoais, como as que se referem a coleta, produ\u00e7\u00e3o, recep\u00e7\u00e3o, classifica\u00e7\u00e3o, utiliza\u00e7\u00e3o, acesso, reprodu\u00e7\u00e3o, transmiss\u00e3o, distribui\u00e7\u00e3o, processamento, arquivamento, armazenamento, elimina\u00e7\u00e3o, avalia\u00e7\u00e3o ou controle da informa\u00e7\u00e3o, modifica\u00e7\u00e3o, comunica\u00e7\u00e3o, transfer\u00eancia, difus\u00e3o ou extra\u00e7\u00e3o.<\/li><li><strong>Controlador:<\/strong>\u00a0pessoa natural ou jur\u00eddica, de direito p\u00fablico ou privado, a quem compete as decis\u00f5es referentes ao tratamento de dados pessoais.<\/li><li><strong>Operador:<\/strong>\u00a0pessoa natural ou jur\u00eddica, de direito p\u00fablico ou privado, que realiza o tratamento de dados pessoais em nome do controlador.<\/li><li><strong>Encarregado (DPO):<\/strong>\u00a0\u00e9 o indicado pelo controlador para comunica\u00e7\u00e3o e assuntos diretos com o titular de dados e ANPD \u2013 Autoridade Nacional de Prote\u00e7\u00e3o de Dados.<\/li><\/ul><p>Afirmamos que respeitamos e trabalhamos para garantir os direitos aos titulares de dados previsto na LGPD.<\/p><ul><li><strong>Confirma\u00e7\u00e3o de exist\u00eancia<\/strong>\u00a0de tratamento de dados.<\/li><li><strong>Acesso aos dados pessoais<\/strong>\u00a0que est\u00e3o sendo processados.<\/li><li><strong>Corre\u00e7\u00e3o de dados pessoais<\/strong>\u00a0incompletos, inexatos ou desatualizados.<\/li><li><strong>Portabilidade de dados<\/strong>\u00a0a outro controlador de dados.<\/li><li><strong>Elimina\u00e7\u00e3o de dados<\/strong>\u00a0(nas condi\u00e7\u00f5es especificadas prevista em lei).<\/li><li>Informa\u00e7\u00f5es sobre o<strong>\u00a0Compartilhamento de seus dados<\/strong>, caso exista.<\/li><li><strong>Revoga\u00e7\u00e3o de consentimento<\/strong>\u00a0anteriormente consentido.<\/li><li><strong>Oposi\u00e7\u00e3o<\/strong>\u00a0caso discorde de um tratamento feito sem seu consentimento e o considere irregular.<\/li><\/ul><p>Declaramos que estamos trabalhando no atendimento da lei atrav\u00e9s da ado\u00e7\u00e3o de um framework de governan\u00e7a da privacidade, em busca de atender a totalidade da lei.<\/p><p>Empenhamos a\u00e7\u00f5es proativas para a melhoria continuada de nossa privacidade e seguran\u00e7a dos dados.<\/p><p>Voc\u00ea pode exercitar o seu direito como titular de dados, ou conhecer mais sobre nossas a\u00e7\u00f5es constantes atrav\u00e9s do nosso canal de atendimento \u201cEncarregado de dados \/ DPO\u201d, no e-mail meu-dpo@sentinela.digital . Informe seu nome, seu telefone de contato, descreva como podemos ajudar.<\/p><p><strong>Empresa Controladora:<\/strong><br \/>Associa\u00e7\u00e3o Brasileira da Ind\u00fastria do Pl\u00e1stico \u2013 ABIPLAST<br \/>CNPJ: 62.877.287\/0001-90<br \/>Avenida Paulista 2439 \u2013 8\u00ba andar<br \/>S\u00e3o Paulo \u2013 SP<\/p><p><strong>Encarregado de Prote\u00e7\u00e3o de Dados:<\/strong><br \/>Sentinela Gest\u00e3o de Riscos<br \/>CNPJ: 34.935.032\/0001-09<br \/>Av: Guilherme George 2068 \u2013 Sala 5<br \/>Mogi das Cruzes \u2013 SP<\/p>    <\/div>\n<\/div>\n<!-- \/module text -->\t        <\/div>\n\t    \t<\/div>\n\t\t    <\/div>\n\t    <!-- \/row_inner -->\n\t<\/div>\n\t<!-- \/module_row -->\n\t<\/div>\n<!--\/themify_builder_content-->\n","protected":false},"excerpt":{"rendered":"<p>Manifesto de Privacidade de DadosAqui na \u201cABIPLAST\u201d estamos preocupados com sua\u00a0privacidade de dados, adotamos um modelo de\u00a0governan\u00e7a da privacidade\u00a0de dados em busca de melhoria continuada em nosso n\u00edvel de maturidade.Neste compromisso de privacidade de dados queremos compartilhar com voc\u00ea algumas defini\u00e7\u00f5es previstas na LGPD (Lei Geral de Prote\u00e7\u00e3o de Dados).Dados Pessoais\u00a0\u2013 \u00e9 toda e qualquer [&hellip;]<\/p>\n","protected":false},"author":1,"featured_media":0,"parent":0,"menu_order":0,"comment_status":"closed","ping_status":"closed","template":"","meta":{"footnotes":""},"class_list":["post-356","page","type-page","status-publish","hentry","has-post-title","has-post-date","has-post-category","has-post-tag","has-post-comment","has-post-author",""],"_links":{"self":[{"href":"https:\/\/isoporamigo.com.br\/index.php\/wp-json\/wp\/v2\/pages\/356","targetHints":{"allow":["GET"]}}],"collection":[{"href":"https:\/\/isoporamigo.com.br\/index.php\/wp-json\/wp\/v2\/pages"}],"about":[{"href":"https:\/\/isoporamigo.com.br\/index.php\/wp-json\/wp\/v2\/types\/page"}],"author":[{"embeddable":true,"href":"https:\/\/isoporamigo.com.br\/index.php\/wp-json\/wp\/v2\/users\/1"}],"replies":[{"embeddable":true,"href":"https:\/\/isoporamigo.com.br\/index.php\/wp-json\/wp\/v2\/comments?post=356"}],"version-history":[{"count":1,"href":"https:\/\/isoporamigo.com.br\/index.php\/wp-json\/wp\/v2\/pages\/356\/revisions"}],"predecessor-version":[{"id":357,"href":"https:\/\/isoporamigo.com.br\/index.php\/wp-json\/wp\/v2\/pages\/356\/revisions\/357"}],"wp:attachment":[{"href":"https:\/\/isoporamigo.com.br\/index.php\/wp-json\/wp\/v2\/media?parent=356"}],"curies":[{"name":"wp","href":"https:\/\/api.w.org\/{rel}","templated":true}]}}